{"id":5,"date":"2023-03-30T13:17:24","date_gmt":"2023-03-30T13:17:24","guid":{"rendered":"https:\/\/francesca-pane.de\/wordpress\/?page_id=5"},"modified":"2023-04-03T14:44:23","modified_gmt":"2023-04-03T13:44:23","slug":"die-lange-homepage","status":"publish","type":"page","link":"https:\/\/francesca-pane.de\/","title":{"rendered":""},"content":{"rendered":"\n<blockquote class=\"wp-block-quote has-text-align-center is-layout-flow wp-block-quote-is-layout-flow\">\n<figure class=\"wp-block-image aligncenter size-large is-resized wp-duotone-unset-1\"><img loading=\"lazy\" decoding=\"async\" src=\"https:\/\/francesca-pane.de\/wp-content\/uploads\/2023start\/InaWobker2.jpg\" alt=\"\" width=\"579\" height=\"563\"\/><\/figure>\n<cite><strong>ICH BIETE<\/strong>:<br>professionelles Schauspiel<br>Regiearbeit<br>Verfassen von St\u00fccken<br>commedia dell\u00b4arte<br>Kom\u00f6die<br>Gesang<br>Schauspielunterricht privat, Schauspielschulen<br>Coaching f\u00fcr Autorenlesungen, Kindertheater, Filmemacher und Theatergruppen<br>Organisation und Koordination von Veranstaltungen<br>handwerkliches K\u00f6nnen<br>gesunden Menschenverstand<\/cite><\/blockquote>\n\n\n\n<figure class=\"wp-block-image aligncenter size-large is-resized\"><img loading=\"lazy\" decoding=\"async\" src=\"\/wp-content\/uploads\/2023start\/AlexKocso.jpg\" alt=\"\" width=\"332\" height=\"488\"\/><\/figure>\n\n\n\n<figure class=\"wp-block-image aligncenter size-large is-resized\"><img loading=\"lazy\" decoding=\"async\" src=\"\/wp-content\/uploads\/2023start\/InaWobker.jpg\" alt=\"\" width=\"322\" height=\"490\"\/><\/figure>\n\n\n\n<p><\/p>\n\n\n\n<p class=\"has-text-align-center\"><strong>ALLGEMEINES<\/strong><\/p>\n\n\n\n<p class=\"has-text-align-center\">02.05.1978 * Gr\u00f6\u00dfe 150 cm * Haarfarbe braun * Augenfarbe braun * Ma\u00dfe 89 \u2013 65 \u2013 90 * Konfektion 36 * Schuhgr\u00f6\u00dfe 35 * FS-lll * Agentur: Agentur Glocker<\/p>\n\n\n\n<p><\/p>\n\n\n\n<figure class=\"wp-block-image aligncenter size-large is-resized\"><img loading=\"lazy\" decoding=\"async\" src=\"\/wp-content\/uploads\/2023start\/InaWobker1.jpg\" alt=\"\" width=\"322\" height=\"483\"\/><\/figure>\n\n\n\n<h4 class=\"wp-block-heading has-text-align-center\"><strong>Kontakt \/ Impressum<\/strong><\/h4>\n\n\n\n<p class=\"has-text-align-center\"><\/p>\n\n\n<p><\/p>\n<h5 class=\"wp-block-heading has-text-align-center\">Francesca Pane<\/h5>\n<p> <\/p>\n<p class=\"has-text-align-center\">Wrangelstra\u00dfe 4<br \/>85051 Ingolstadt<\/p>\n<p> <\/p>\n<p class=\"has-text-align-center\">+49(0)1739522854<br \/>+49(0)8418868162<\/p>\n<p> <\/p>\n<p class=\"has-text-align-center\"><a href=\"mailto:Francesca.Pane@outlook.de\">Francesca.Pane@outlook.de<\/a><br \/>Facebook: Francesca Pane Ingolstadt<\/p>\n<p> <\/p>\n<p class=\"has-text-align-center\">Mein Internet-Tipp: <a href=\"https:\/\/commedia-vollust.de\/\" target=\"_blank\" rel=\"noreferrer noopener\"> https:\/\/commedia-vollust.de\/<\/a><\/p>\n<p><\/p>\n\n\n<p><\/p>\n\n\n\n<figure class=\"wp-block-gallery has-nested-images columns-default is-cropped wp-block-gallery-2 is-layout-flex wp-block-gallery-is-layout-flex\"><\/figure>\n\n\n\n<figure class=\"wp-block-video\"><video controls src=\"\/wp-content\/uploads\/2023start\/FrancescaPaneFilmLook.mp4\"><\/video><\/figure>\n\n\n\n<figure class=\"wp-block-video\"><video controls src=\"\/wp-content\/uploads\/2023start\/xmas.mp4\"><\/video><\/figure>\n\n\n\n<div data-wp-interactive=\"core\/file\" class=\"wp-block-file aligncenter\"><object data-wp-bind--hidden=\"!state.hasPdfPreview\" hidden class=\"wp-block-file__embed\" data=\"https:\/\/francesca-pane.de\/wp-content\/uploads\/2023\/03\/Vita-2023-1.pdf\" type=\"application\/pdf\" style=\"width:100%;height:600px\" aria-label=\"Einbettung von Vita 2023.\"><\/object><a id=\"wp-block-file--media-235b8288-fadd-4c00-aacb-66ca11f6d9ed\" href=\"https:\/\/francesca-pane.de\/wp-content\/uploads\/2023\/03\/Vita-2023-1.pdf\">Vita 2023<\/a><a href=\"https:\/\/francesca-pane.de\/wp-content\/uploads\/2023\/03\/Vita-2023-1.pdf\" class=\"wp-block-file__button wp-element-button\" download aria-describedby=\"wp-block-file--media-235b8288-fadd-4c00-aacb-66ca11f6d9ed\">Download<\/a><\/div>\n\n\n\n<h6 class=\"wp-block-heading has-text-align-center\">Bilder (c) COPYRIGHT BY Ina Wobker, Alex Kocso<br>VIDEO (C) COPYRIGHT BY LUKAS PICKHARD<\/h6>\n","protected":false},"excerpt":{"rendered":"<p>ALLGEMEINES 02.05.1978 * Gr\u00f6\u00dfe 150 cm * Haarfarbe braun * Augenfarbe braun * Ma\u00dfe 89 \u2013 65 \u2013 90 * Konfektion 36 * Schuhgr\u00f6\u00dfe 35 * FS-lll * Agentur: Agentur Glocker Kontakt \/ Impressum Francesca Pane<\/p>\n","protected":false},"author":1,"featured_media":0,"parent":0,"menu_order":0,"comment_status":"closed","ping_status":"closed","template":"","meta":{"footnotes":""},"class_list":["post-5","page","type-page","status-publish","hentry"],"_links":{"self":[{"href":"https:\/\/francesca-pane.de\/index.php?rest_route=\/wp\/v2\/pages\/5","targetHints":{"allow":["GET"]}}],"collection":[{"href":"https:\/\/francesca-pane.de\/index.php?rest_route=\/wp\/v2\/pages"}],"about":[{"href":"https:\/\/francesca-pane.de\/index.php?rest_route=\/wp\/v2\/types\/page"}],"author":[{"embeddable":true,"href":"https:\/\/francesca-pane.de\/index.php?rest_route=\/wp\/v2\/users\/1"}],"replies":[{"embeddable":true,"href":"https:\/\/francesca-pane.de\/index.php?rest_route=%2Fwp%2Fv2%2Fcomments&post=5"}],"version-history":[{"count":28,"href":"https:\/\/francesca-pane.de\/index.php?rest_route=\/wp\/v2\/pages\/5\/revisions"}],"predecessor-version":[{"id":53,"href":"https:\/\/francesca-pane.de\/index.php?rest_route=\/wp\/v2\/pages\/5\/revisions\/53"}],"wp:attachment":[{"href":"https:\/\/francesca-pane.de\/index.php?rest_route=%2Fwp%2Fv2%2Fmedia&parent=5"}],"curies":[{"name":"wp","href":"https:\/\/api.w.org\/{rel}","templated":true}]}}